{"id":272,"date":"2021-03-12T10:39:42","date_gmt":"2021-03-12T09:39:42","guid":{"rendered":"https:\/\/wattsmart.nl\/particulier\/?page_id=272"},"modified":"2021-04-13T15:54:06","modified_gmt":"2021-04-13T13:54:06","slug":"rekenvoorbeeld","status":"publish","type":"page","link":"https:\/\/wattsmart.nl\/eindgebruiker\/rekenvoorbeeld\/","title":{"rendered":"Rekenvoorbeeld"},"content":{"rendered":"<p>[vc_row gap=&#8221;25&#8243;][vc_column offset=&#8221;vc_col-lg-7 vc_col-md-7 vc_col-xs-12&#8243;][vc_column_text]<\/p>\n<h2><span style=\"color: #00b1ea;\"><strong>WattSmart <span style=\"color: #2a6ab2;\"> praktisch en financieel<\/span><\/strong><\/span><\/h2>\n<p>Ga je met <strong><span style=\"color: #00b1ea;\">WattSmart <\/span><\/strong>in zee dan wordt er een <span style=\"color: #2a6ab2;\"><strong>Energie Opslag Systeem (EOS)<\/strong><\/span> voor elektriciteit ge\u00efnstalleerd door \u00e8\u00e8n van de aangesloten en gecertificeerde installateurs. Of dat interessant voor je is kun je door ons laten berekenen. Kijk eerst even mee \u2026<\/p>\n<p>&nbsp;<\/p>\n<p><strong><span style=\"color: #2a6ab2;\">Uitgangspunten berekening<\/span><\/strong><\/p>\n<div class=\"hidemobile\"><style type=\"text\/css\">#go-pricing-table-364 .gw-go-col-wrap { min-width:130px; } #go-pricing-table-364 .gw-go-col-inner { border-radius:0 0 0 0; } #go-pricing-table-364 ul.gw-go-body,  #go-pricing-table-364 ul.gw-go-body li { border:none !important; padding-top:1px; } #go-pricing-table-364 ul.gw-go-body li .gw-go-body-cell { padding-top:1px; } #go-pricing-table-364 ul.gw-go-body { padding-bottom:1px; } #go-pricing-table-364 .gw-go-tooltip-content { background-color:#333333;color:#FFFFFF; } #go-pricing-table-364 .gw-go-tooltip:before { border-top-color:#333333; } #go-pricing-table-364 .gw-go-col-wrap-0 .gw-go-body li[data-row-index=\"0\"] { font-size:12px !important; line-height:16px !important; text-align:left !important; } #go-pricing-table-364 .gw-go-col-wrap-0 .gw-go-body li[data-row-index=\"1\"] { font-size:12px !important; line-height:16px !important; text-align:left !important; } #go-pricing-table-364 .gw-go-col-wrap-0 .gw-go-body li[data-row-index=\"2\"] { font-size:12px !important; line-height:16px !important; text-align:left !important; } #go-pricing-table-364 .gw-go-col-wrap-0 .gw-go-body li[data-row-index=\"3\"] { font-size:12px !important; line-height:16px !important; text-align:left !important; } #go-pricing-table-364 .gw-go-col-wrap-0 .gw-go-body li[data-row-index=\"4\"] { font-size:12px !important; line-height:16px !important; text-align:left !important; } #go-pricing-table-364 .gw-go-col-wrap-0 .gw-go-body li[data-row-index=\"5\"] { font-size:12px !important; line-height:16px !important; text-align:left !important; } #go-pricing-table-364 .gw-go-col-wrap-1 .gw-go-coinf div, #go-pricing-table-364 .gw-go-col-wrap-1 .gw-go-coinb div, #go-pricing-table-364 .gw-go-col-wrap-1 .gw-go-body li { color:#333333; } #go-pricing-table-364 .gw-go-col-wrap-1 .gw-go-body li.gw-go-even .gw-go-body-cell:before, #go-pricing-table-364 .gw-go-col-wrap-1 .gw-go-body li .gw-go-body-cell:before, #go-pricing-table-364 .gw-go-col-wrap-1 .gw-go-btn { background-color:#333333; } #go-pricing-table-364 .gw-go-col-wrap-1 .gw-go-body li[data-row-index=\"0\"] { font-size:12px !important; line-height:16px !important; } #go-pricing-table-364 .gw-go-col-wrap-1 .gw-go-body li[data-row-index=\"1\"] { font-size:12px !important; line-height:16px !important; } #go-pricing-table-364 .gw-go-col-wrap-1 .gw-go-body li[data-row-index=\"2\"] { font-size:12px !important; line-height:16px !important; } #go-pricing-table-364 .gw-go-col-wrap-1 .gw-go-body li[data-row-index=\"3\"] { font-size:12px !important; line-height:16px !important; } #go-pricing-table-364 .gw-go-col-wrap-1 .gw-go-body li[data-row-index=\"4\"] { font-size:12px !important; line-height:16px !important; } #go-pricing-table-364 .gw-go-col-wrap-1 .gw-go-body li[data-row-index=\"5\"] { font-size:12px !important; line-height:16px !important; } #go-pricing-table-364 .gw-go { visibility:inherit; }<\/style><style>@media only screen and (max-width: 479px) { #go-pricing-table-364 .gw-go-col-wrap { width:100%; } }<\/style><style>@media only screen and (max-width: 479px) { .gw-go-tooltip { left:50% !important; right:auto !important; transform: translateX(-50%) !important; margin-left:0!important; } .gw-go-tooltip-content:before { right:auto !important; left:50% !important; margin-left:-6px !important; } }<\/style><div id=\"go-pricing-table-364\" class=\"go-pricing\" style=\"margin-bottom:20px;\"><div class=\"gw-go gw-go-clearfix gw-go-enlarge-current gw-go-fullh-bg gw-go-disable-box-shadow gw-go-2cols\" data-id=\"364\" data-colnum=\"2\" data-equalize=\"{&quot;body&quot;:&quot;1&quot;,&quot;footer&quot;:&quot;1&quot;,&quot;column&quot;:&quot;1&quot;,&quot;fullh-bg&quot;:&quot;1&quot;}\" data-views=\"{&quot;tp&quot;:{&quot;min&quot;:&quot;768&quot;,&quot;max&quot;:&quot;959&quot;,&quot;cols&quot;:&quot;&quot;},&quot;ml&quot;:{&quot;min&quot;:&quot;480&quot;,&quot;max&quot;:&quot;767&quot;,&quot;cols&quot;:&quot;2&quot;},&quot;mp&quot;:{&quot;min&quot;:&quot;&quot;,&quot;max&quot;:&quot;479&quot;,&quot;cols&quot;:&quot;1&quot;}}\"><div class=\"gw-go-col-wrap gw-go-col-wrap-0 gw-go-hover gw-go-disable-enlarge gw-go-disable-hover\" data-current=\"1\" data-col-index=\"0\"><div class=\"gw-go-col gw-go-clean-style7\"><div class=\"gw-go-col-inner\"><div class=\"gw-go-col-inner-layer\"><\/div><div class=\"gw-go-col-inner-layer-over\"><\/div><div class=\"gw-go-header\"><\/div><ul class=\"gw-go-body\"><li data-row-index=\"0\"><div class=\"gw-go-body-cell\">Jaarverbruik<\/div><\/li><li class=\"gw-go-even\" data-row-index=\"1\"><div class=\"gw-go-body-cell\">Opbrengst zonnepanelen <\/div><\/li><li data-row-index=\"2\"><div class=\"gw-go-body-cell\">Energieopslagpakket 10kw inclusief installatie<\/div><\/li><li class=\"gw-go-even\" data-row-index=\"3\"><div class=\"gw-go-body-cell\">Afschrijvingsperiode<\/div><\/li><li data-row-index=\"4\"><div class=\"gw-go-body-cell\">Tarief voorbeeld  <\/div><\/li><li class=\"gw-go-even\" data-row-index=\"5\"><div class=\"gw-go-body-cell\">Teruglever tarief voorbeeld     <\/div><\/li><\/ul><\/div><\/div><\/div><div class=\"gw-go-col-wrap gw-go-col-wrap-1 gw-go-hover gw-go-disable-enlarge gw-go-disable-hover\" data-current=\"1\" data-col-index=\"1\"><div class=\"gw-go-col gw-go-clean-style7\"><div class=\"gw-go-col-inner\"><div class=\"gw-go-col-inner-layer\"><\/div><div class=\"gw-go-col-inner-layer-over\"><\/div><div class=\"gw-go-header\"><\/div><ul class=\"gw-go-body\"><li data-row-index=\"0\"><div class=\"gw-go-body-cell\">3500 kW<\/div><\/li><li class=\"gw-go-even\" data-row-index=\"1\"><div class=\"gw-go-body-cell\">1500 kW<\/div><\/li><li data-row-index=\"2\"><div class=\"gw-go-body-cell\">\u20ac 7.200,-<\/div><\/li><li class=\"gw-go-even\" data-row-index=\"3\"><div class=\"gw-go-body-cell\">15 jaar<\/div><\/li><li data-row-index=\"4\"><div class=\"gw-go-body-cell\">\u20ac 0,23 per kW<\/div><\/li><li class=\"gw-go-even\" data-row-index=\"5\"><div class=\"gw-go-body-cell\">-\u20ac 0,08 per kW<\/div><\/li><\/ul><\/div><\/div><\/div><\/div><\/div><\/div>\n<div class=\"showmobile\"><a href=\"https:\/\/wattsmart.nl\/eindgebruiker\/wp-content\/uploads\/sites\/2\/2021\/04\/WattSmart-Financieel.pdf\"><img loading=\"lazy\" class=\"aligncenter size-large wp-image-541\" style=\"border: 1px solid #000;\" src=\"https:\/\/wattsmart.nl\/eindgebruiker\/wp-content\/uploads\/sites\/2\/2021\/04\/WattSmart-Financieel-724x1024.jpg\" alt=\"\" width=\"724\" height=\"1024\" srcset=\"https:\/\/wattsmart.nl\/eindgebruiker\/wp-content\/uploads\/sites\/2\/2021\/04\/WattSmart-Financieel-724x1024.jpg 724w, https:\/\/wattsmart.nl\/eindgebruiker\/wp-content\/uploads\/sites\/2\/2021\/04\/WattSmart-Financieel-212x300.jpg 212w, https:\/\/wattsmart.nl\/eindgebruiker\/wp-content\/uploads\/sites\/2\/2021\/04\/WattSmart-Financieel-768x1086.jpg 768w, https:\/\/wattsmart.nl\/eindgebruiker\/wp-content\/uploads\/sites\/2\/2021\/04\/WattSmart-Financieel.jpg 794w\" sizes=\"(max-width: 724px) 100vw, 724px\" \/><\/a><\/div>\n<p><span style=\"color: #999999;\"> Schrijf en rekenfouten voorbehouden; Gebaseerd op situatie 2020<\/span><\/p>\n<p>&nbsp;<\/p>\n<p>De opbrengsten van deze investering in een <span style=\"color: #00b1ea;\"><strong>WattSmart <\/strong><\/span><span style=\"color: #2a6ab2;\"><strong>Energie Opslag Systeem (EOS)<\/strong><\/span> ziet er dan als volgt uit:<\/p>\n<div class=\"hidemobile\"><style type=\"text\/css\">#go-pricing-table-343 .gw-go-col-wrap { min-width:130px; } #go-pricing-table-343 .gw-go-col-inner { border-radius:0 0 0 0; } #go-pricing-table-343 ul.gw-go-body,  #go-pricing-table-343 ul.gw-go-body li { border:none !important; padding-top:1px; } #go-pricing-table-343 ul.gw-go-body li .gw-go-body-cell { padding-top:1px; } #go-pricing-table-343 ul.gw-go-body { padding-bottom:1px; } #go-pricing-table-343 .gw-go-tooltip-content { background-color:#333333;color:#FFFFFF; } #go-pricing-table-343 .gw-go-tooltip:before { border-top-color:#333333; } #go-pricing-table-343 .gw-go-col-wrap-0 .gw-go-body li[data-row-index=\"0\"] { font-size:12px !important; line-height:16px !important; text-align:left !important; } #go-pricing-table-343 .gw-go-col-wrap-0 .gw-go-body li[data-row-index=\"1\"] { font-size:12px !important; line-height:16px !important; text-align:left !important; } #go-pricing-table-343 .gw-go-col-wrap-0 .gw-go-body li[data-row-index=\"2\"] { font-size:12px !important; line-height:16px !important; text-align:left !important; } #go-pricing-table-343 .gw-go-col-wrap-0 .gw-go-body li[data-row-index=\"3\"] { font-size:12px !important; line-height:16px !important; text-align:left !important; } #go-pricing-table-343 .gw-go-col-wrap-0 .gw-go-body li[data-row-index=\"4\"] { font-size:12px !important; line-height:16px !important; text-align:left !important; } #go-pricing-table-343 .gw-go-col-wrap-0 .gw-go-footer-row[data-row-index=\"0\"]  { font-size:12px !important; line-height:16px !important; text-align:left !important; } #go-pricing-table-343 .gw-go-col-wrap-0 .gw-go-footer-row[data-row-index=\"1\"]  { font-size:12px !important; line-height:16px !important; text-align:left !important; } #go-pricing-table-343 .gw-go-col-wrap-1 .gw-go-coinf div, #go-pricing-table-343 .gw-go-col-wrap-1 .gw-go-coinb div, #go-pricing-table-343 .gw-go-col-wrap-1 .gw-go-body li { color:#333333; } #go-pricing-table-343 .gw-go-col-wrap-1 .gw-go-body li.gw-go-even .gw-go-body-cell:before, #go-pricing-table-343 .gw-go-col-wrap-1 .gw-go-body li .gw-go-body-cell:before, #go-pricing-table-343 .gw-go-col-wrap-1 .gw-go-btn { background-color:#333333; } #go-pricing-table-343 .gw-go-col-wrap-1 .gw-go-body li[data-row-index=\"0\"] { font-size:12px !important; line-height:16px !important; } #go-pricing-table-343 .gw-go-col-wrap-1 .gw-go-body li[data-row-index=\"1\"] { font-size:12px !important; line-height:16px !important; } #go-pricing-table-343 .gw-go-col-wrap-1 .gw-go-body li[data-row-index=\"2\"] { font-size:12px !important; line-height:16px !important; } #go-pricing-table-343 .gw-go-col-wrap-1 .gw-go-body li[data-row-index=\"3\"] { font-size:12px !important; line-height:16px !important; } #go-pricing-table-343 .gw-go-col-wrap-1 .gw-go-body li[data-row-index=\"4\"] { font-size:12px !important; line-height:16px !important; } #go-pricing-table-343 .gw-go-col-wrap-1 .gw-go-footer-row[data-row-index=\"0\"]  { font-size:12px !important; line-height:16px !important; } #go-pricing-table-343 .gw-go-col-wrap-1 .gw-go-footer-row[data-row-index=\"1\"]  { font-size:12px !important; line-height:16px !important; } #go-pricing-table-343 .gw-go-col-wrap-2 .gw-go-coinf div, #go-pricing-table-343 .gw-go-col-wrap-2 .gw-go-coinb div, #go-pricing-table-343 .gw-go-col-wrap-2 .gw-go-body li { color:#333333; } #go-pricing-table-343 .gw-go-col-wrap-2 .gw-go-body li.gw-go-even .gw-go-body-cell:before, #go-pricing-table-343 .gw-go-col-wrap-2 .gw-go-body li .gw-go-body-cell:before, #go-pricing-table-343 .gw-go-col-wrap-2 .gw-go-btn { background-color:#333333; } #go-pricing-table-343 .gw-go-col-wrap-2 .gw-go-body li[data-row-index=\"0\"] { font-size:12px !important; line-height:16px !important; } #go-pricing-table-343 .gw-go-col-wrap-2 .gw-go-body li[data-row-index=\"1\"] { font-size:12px !important; line-height:16px !important; } #go-pricing-table-343 .gw-go-col-wrap-2 .gw-go-body li[data-row-index=\"2\"] { font-size:12px !important; line-height:16px !important; } #go-pricing-table-343 .gw-go-col-wrap-2 .gw-go-body li[data-row-index=\"3\"] { font-size:12px !important; line-height:16px !important; } #go-pricing-table-343 .gw-go-col-wrap-2 .gw-go-body li[data-row-index=\"4\"] { font-size:12px !important; line-height:16px !important; } #go-pricing-table-343 .gw-go-col-wrap-2 .gw-go-footer-row[data-row-index=\"0\"]  { font-size:12px !important; line-height:16px !important; } #go-pricing-table-343 .gw-go-col-wrap-2 .gw-go-footer-row[data-row-index=\"1\"]  { font-size:12px !important; line-height:16px !important; } #go-pricing-table-343 .gw-go-col-wrap-3 .gw-go-coinf div, #go-pricing-table-343 .gw-go-col-wrap-3 .gw-go-coinb div, #go-pricing-table-343 .gw-go-col-wrap-3 .gw-go-body li { color:#333333; } #go-pricing-table-343 .gw-go-col-wrap-3 .gw-go-body li.gw-go-even .gw-go-body-cell:before, #go-pricing-table-343 .gw-go-col-wrap-3 .gw-go-body li .gw-go-body-cell:before, #go-pricing-table-343 .gw-go-col-wrap-3 .gw-go-btn { background-color:#333333; } #go-pricing-table-343 .gw-go-col-wrap-3 .gw-go-body li[data-row-index=\"0\"] { font-size:12px !important; line-height:16px !important; } #go-pricing-table-343 .gw-go-col-wrap-3 .gw-go-body li[data-row-index=\"1\"] { font-size:12px !important; line-height:16px !important; } #go-pricing-table-343 .gw-go-col-wrap-3 .gw-go-body li[data-row-index=\"2\"] { font-size:12px !important; line-height:16px !important; } #go-pricing-table-343 .gw-go-col-wrap-3 .gw-go-body li[data-row-index=\"3\"] { font-size:12px !important; line-height:16px !important; } #go-pricing-table-343 .gw-go-col-wrap-3 .gw-go-body li[data-row-index=\"4\"] { font-size:12px !important; line-height:16px !important; } #go-pricing-table-343 .gw-go-col-wrap-3 .gw-go-footer-row[data-row-index=\"0\"]  { font-size:12px !important; line-height:16px !important; } #go-pricing-table-343 .gw-go-col-wrap-3 .gw-go-footer-row[data-row-index=\"1\"]  { font-size:12px !important; line-height:16px !important; } #go-pricing-table-343 .gw-go { visibility:inherit; }<\/style><style>@media only screen and (min-width: 480px) and (max-width: 767px) { #go-pricing-table-343 .gw-go-col-wrap { width:50%; } }<\/style><style>@media only screen and (min-width: 480px) and (max-width: 767px) { .gw-go-tooltip { left:50% !important; right:auto !important; transform: translateX(-50%) !important; margin-left:0!important; } .gw-go-tooltip-content:before { right:auto !important; left:50% !important; margin-left:-6px !important; } }<\/style><style>@media only screen and (max-width: 479px) { #go-pricing-table-343 .gw-go-col-wrap { width:100%; } }<\/style><style>@media only screen and (max-width: 479px) { .gw-go-tooltip { left:50% !important; right:auto !important; transform: translateX(-50%) !important; margin-left:0!important; } .gw-go-tooltip-content:before { right:auto !important; left:50% !important; margin-left:-6px !important; } }<\/style><div id=\"go-pricing-table-343\" class=\"go-pricing\" style=\"margin-bottom:20px;\"><div class=\"gw-go gw-go-clearfix gw-go-enlarge-current gw-go-disable-box-shadow gw-go-4cols\" data-id=\"343\" data-colnum=\"4\" data-equalize=\"{&quot;column&quot;:1,&quot;body&quot;:1,&quot;footer&quot;:1}\" data-views=\"{&quot;tp&quot;:{&quot;min&quot;:&quot;768&quot;,&quot;max&quot;:&quot;959&quot;,&quot;cols&quot;:&quot;&quot;},&quot;ml&quot;:{&quot;min&quot;:&quot;480&quot;,&quot;max&quot;:&quot;767&quot;,&quot;cols&quot;:&quot;2&quot;},&quot;mp&quot;:{&quot;min&quot;:&quot;&quot;,&quot;max&quot;:&quot;479&quot;,&quot;cols&quot;:&quot;1&quot;}}\"><div class=\"gw-go-col-wrap gw-go-col-wrap-0 gw-go-hover gw-go-disable-enlarge gw-go-disable-hover\" data-current=\"1\" data-col-index=\"0\"><div class=\"gw-go-col gw-go-clean-style7\"><div class=\"gw-go-col-inner\"><div class=\"gw-go-col-inner-layer\"><\/div><div class=\"gw-go-col-inner-layer-over\"><\/div><div class=\"gw-go-header\" style=\"height:168px; background:#FFF;\"><p style=\"text-align: center; color:#333333; margin-top:36px; margin-left:20px; margin-right:20px; font-size:18px; line-height:18px;\"><\/p><\/div><ul class=\"gw-go-body\"><li data-row-index=\"0\"><div class=\"gw-go-body-cell\">Netto verbruik 2000 kW x \u20ac 0,23<\/div><\/li><li class=\"gw-go-even\" data-row-index=\"1\"><div class=\"gw-go-body-cell\">Capaciteit zonnepanelen<\/div><\/li><li data-row-index=\"2\"><div class=\"gw-go-body-cell\">Investering in WattSmart EOS - 10kW<\/div><\/li><li class=\"gw-go-even\" data-row-index=\"3\"><div class=\"gw-go-body-cell\">Leveringskosten leveranciers<\/div><\/li><li data-row-index=\"4\"><div class=\"gw-go-body-cell\">Vermindering energiebelasting**<\/div><\/li><\/ul><div class=\"gw-go-footer-wrap\"><div class=\"gw-go-footer-spacer\"><\/div><div class=\"gw-go-footer\"><div class=\"gw-go-footer-rows\"><div class=\"gw-go-footer-row\" data-row-index=\"0\"><div class=\"gw-go-footer-row-inner\"><strong>Totaal per jaar<\/strong><\/div><\/div><div class=\"gw-go-footer-row gw-go-even\" data-row-index=\"1\"><div class=\"gw-go-footer-row-inner\"><strong>Totaal per maand<\/strong><\/div><\/div><\/div><\/div><\/div><\/div><\/div><\/div><div class=\"gw-go-col-wrap gw-go-col-wrap-1 gw-go-hover gw-go-disable-enlarge gw-go-disable-hover\" data-current=\"1\" data-col-index=\"1\"><div class=\"gw-go-col gw-go-clean-style7\"><div class=\"gw-go-col-inner\"><div class=\"gw-go-col-inner-layer\"><\/div><div class=\"gw-go-col-inner-layer-over\"><\/div><div class=\"gw-go-header\" style=\"height:168px; background:#FFF;\"><p style=\"color:#333333; margin-top:36px; margin-left:20px; margin-right:20px; font-size:16px; line-height:18px;\">Oude situatie<\/p><\/div><ul class=\"gw-go-body\"><li data-row-index=\"0\"><div class=\"gw-go-body-cell\">\u20ac 460,00<\/div><\/li><li class=\"gw-go-even\" data-row-index=\"1\"><div class=\"gw-go-body-cell\">1500 kW<\/div><\/li><li data-row-index=\"2\"><div class=\"gw-go-body-cell\"><\/div><\/li><li class=\"gw-go-even\" data-row-index=\"3\"><div class=\"gw-go-body-cell\">\u20ac 320,00<\/div><\/li><li data-row-index=\"4\"><div class=\"gw-go-body-cell\">-\u20ac 527,00<\/div><\/li><\/ul><div class=\"gw-go-footer-wrap\"><div class=\"gw-go-footer-spacer\"><\/div><div class=\"gw-go-footer\"><div class=\"gw-go-footer-rows\"><div class=\"gw-go-footer-row\" data-row-index=\"0\"><div class=\"gw-go-footer-row-inner\"><strong>\u20ac 253,00<\/strong><\/div><\/div><div class=\"gw-go-footer-row gw-go-even\" data-row-index=\"1\"><div class=\"gw-go-footer-row-inner\"><strong>\u20ac 21,00<\/strong><\/div><\/div><\/div><\/div><\/div><\/div><\/div><\/div><div class=\"gw-go-col-wrap gw-go-col-wrap-2 gw-go-hover gw-go-disable-enlarge gw-go-disable-hover\" data-current=\"1\" data-col-index=\"2\"><div class=\"gw-go-col gw-go-clean-style7\"><div class=\"gw-go-col-inner\"><div class=\"gw-go-col-inner-layer\"><\/div><div class=\"gw-go-col-inner-layer-over\"><\/div><div class=\"gw-go-header\" style=\"height:168px; background:#FFF;\"><p style=\"color:#333333; margin-top:36px; margin-left:20px; margin-right:20px; font-size:16px; line-height:18px;\">Nieuwe situatie<\/p><\/div><ul class=\"gw-go-body\"><li data-row-index=\"0\"><div class=\"gw-go-body-cell\">\u20ac 460,00<\/div><\/li><li class=\"gw-go-even\" data-row-index=\"1\"><div class=\"gw-go-body-cell\">1500 kW<\/div><\/li><li data-row-index=\"2\"><div class=\"gw-go-body-cell\">\u20ac 480,00<\/div><\/li><li class=\"gw-go-even\" data-row-index=\"3\"><div class=\"gw-go-body-cell\">\u20ac 320,00<\/div><\/li><li data-row-index=\"4\"><div class=\"gw-go-body-cell\">-\u20ac 527,00<\/div><\/li><\/ul><div class=\"gw-go-footer-wrap\"><div class=\"gw-go-footer-spacer\"><\/div><div class=\"gw-go-footer\"><div class=\"gw-go-footer-rows\"><div class=\"gw-go-footer-row\" data-row-index=\"0\"><div class=\"gw-go-footer-row-inner\"><strong>\u20ac 733,00<\/strong><\/div><\/div><div class=\"gw-go-footer-row gw-go-even\" data-row-index=\"1\"><div class=\"gw-go-footer-row-inner\"><strong>\u20ac 61,00<\/strong><\/div><\/div><\/div><\/div><\/div><\/div><\/div><\/div><div class=\"gw-go-col-wrap gw-go-col-wrap-3 gw-go-hover gw-go-disable-enlarge gw-go-disable-hover\" data-current=\"1\" data-col-index=\"3\"><div class=\"gw-go-col gw-go-clean-style7\"><div class=\"gw-go-col-inner\"><div class=\"gw-go-col-inner-layer\"><\/div><div class=\"gw-go-col-inner-layer-over\"><\/div><div class=\"gw-go-header\" style=\"height:168px; background:#FFF;\"><p style=\"color:#333333; margin-top:36px; margin-left:20px; margin-right:20px; font-size:16px; line-height:18px;\">Nieuw + extra zonnepanelen<\/p><\/div><ul class=\"gw-go-body\"><li data-row-index=\"0\"><div class=\"gw-go-body-cell\">\u20ac 1,00*<\/div><\/li><li class=\"gw-go-even\" data-row-index=\"1\"><div class=\"gw-go-body-cell\">nader vast te stellen<\/div><\/li><li data-row-index=\"2\"><div class=\"gw-go-body-cell\">\u20ac 480,00<\/div><\/li><li class=\"gw-go-even\" data-row-index=\"3\"><div class=\"gw-go-body-cell\">\u20ac 320,00<\/div><\/li><li data-row-index=\"4\"><div class=\"gw-go-body-cell\">-\u20ac 527,00<\/div><\/li><\/ul><div class=\"gw-go-footer-wrap\"><div class=\"gw-go-footer-spacer\"><\/div><div class=\"gw-go-footer\"><div class=\"gw-go-footer-rows\"><div class=\"gw-go-footer-row\" data-row-index=\"0\"><div class=\"gw-go-footer-row-inner\"><strong>\u20ac 274,00<\/strong><\/div><\/div><div class=\"gw-go-footer-row gw-go-even\" data-row-index=\"1\"><div class=\"gw-go-footer-row-inner\"><strong>\u20ac 23,00<\/strong><\/div><\/div><\/div><\/div><\/div><\/div><\/div><\/div><\/div><\/div><\/div>\n<p>Bovenstaand overzicht maakt duidelijk dat als de capaciteit van de zonnepanelen wordt verhoogd de investering in een WattSmart EOS loont. Voor \u20ac 2,- extra per maand heb je een eigen systeem met een vermogen van 10Kw waarmee je jaarlijks minimaal \u20ac 805,- (bij 3500Kw) terugverdient.<\/p>\n<p>&nbsp;<\/p>\n<p><strong><span style=\"color: #2a6ab2;\">OOK NIEUWSGIERIG NAAR JOUW VOORDEEL?<\/span> <a href=\"https:\/\/wattsmart.nl\/particulier\/neem-contact-op\/\">Maak hier een afspraak!<\/a><\/strong><\/p>\n<p>&nbsp;<\/p>\n<p>*\u00a0 \u00a0Dit betreft een minimum afnameverplichting om heffingskorting te kunnen ontvangen. Lees hier meer daarover.<\/p>\n<p>** Vermindering energiebelasting in de vorm van een heffingskorting. Deze korting varieert per jaar. De gemiddelde heffingskorting gedurende de afgelopen 14 jaar (2008&gt;&gt;2021) bedroeg \u20ac 386,-, voor 2020 bedraagt deze \u20ac 527,-. Lees hier meer daarover. <a href=\"https:\/\/wattsmart.nl\/particulier\/energiebelasting-op-energieverbruik\/\">Energiebelasting op energieverbruik<\/a>[\/vc_column_text][\/vc_column][vc_column offset=&#8221;vc_col-lg-offset-1 vc_col-lg-4 vc_col-md-offset-1 vc_col-md-4 vc_col-sm-offset-0 vc_col-xs-12&#8243;][vc_column_text]<\/p>\n<h5><span style=\"color: #00b1ea;\"><strong>WattSmart <span style=\"color: #2a6ab2;\"> WattSmart First level step<\/span><\/strong><\/span><\/h5>\n<p><strong><span style=\"color: #2a6ab2;\">Jouw uitgangspositie<\/span><\/strong><\/p>\n<p>Je wilt eigenlijk wel zonnepanelen plaatsen of jouw energietransitie is al jaren geleden begonnen. Je installeerde al zonnepanelen. Je probeert zo zuinig mogelijk om te springen met energie. Het wordt tijd jouw installatie aan te passen aan jouw echte stroomverbruik gebaseerd op de toekomst. Je weet inmiddels door praktijkervaring nu al veel preciezer wat zonnepanelen voor jou kunnen betekenen en opbrengen.<br \/>\nIn beide situaties blijft een aansluiting op het netwerk noodzakelijk. Je hebt immers ook stroom nodig op momenten dat de zon niet schijnt. Je blijft daarom aangewezen op een energieleverancier.<br \/>\nAlle energieleveranciers werken met lever- en teruglever tarieven die in de praktijk enorm verschillen en die ze zelf mogen vaststellen. Voor dezelfde energie die je teruglevert krijg je in de praktijk maar tussen de 30 en 40% van wat je betaalt! Met het WattSmart energiepakket is dit verleden tijd omdat je stroom die je teveel opwekt voor jezelf houdt \u2026[\/vc_column_text][\/vc_column][\/vc_row]<\/p>\n","protected":false},"excerpt":{"rendered":"<p>[vc_row gap=&#8221;25&#8243;][vc_column offset=&#8221;vc_col-lg-7 vc_col-md-7 vc_col-xs-12&#8243;][vc_column_text] WattSmart praktisch en financieel Ga je met WattSmart in zee dan wordt er een Energie Opslag Systeem (EOS) voor elektriciteit ge\u00efnstalleerd door \u00e8\u00e8n van de aangesloten en gecertificeerde installateurs. Of dat interessant voor je is kun je door ons laten berekenen. Kijk eerst even mee \u2026 &nbsp; Uitgangspunten berekening Schrijf&hellip;<\/p>\n","protected":false},"author":2,"featured_media":0,"parent":0,"menu_order":0,"comment_status":"closed","ping_status":"closed","template":"","meta":[],"_links":{"self":[{"href":"https:\/\/wattsmart.nl\/eindgebruiker\/wp-json\/wp\/v2\/pages\/272"}],"collection":[{"href":"https:\/\/wattsmart.nl\/eindgebruiker\/wp-json\/wp\/v2\/pages"}],"about":[{"href":"https:\/\/wattsmart.nl\/eindgebruiker\/wp-json\/wp\/v2\/types\/page"}],"author":[{"embeddable":true,"href":"https:\/\/wattsmart.nl\/eindgebruiker\/wp-json\/wp\/v2\/users\/2"}],"replies":[{"embeddable":true,"href":"https:\/\/wattsmart.nl\/eindgebruiker\/wp-json\/wp\/v2\/comments?post=272"}],"version-history":[{"count":37,"href":"https:\/\/wattsmart.nl\/eindgebruiker\/wp-json\/wp\/v2\/pages\/272\/revisions"}],"predecessor-version":[{"id":622,"href":"https:\/\/wattsmart.nl\/eindgebruiker\/wp-json\/wp\/v2\/pages\/272\/revisions\/622"}],"wp:attachment":[{"href":"https:\/\/wattsmart.nl\/eindgebruiker\/wp-json\/wp\/v2\/media?parent=272"}],"curies":[{"name":"wp","href":"https:\/\/api.w.org\/{rel}","templated":true}]}}